{"id":405,"date":"2026-03-24T13:41:19","date_gmt":"2026-03-24T12:41:19","guid":{"rendered":"https:\/\/dominikalecka.pl\/?page_id=405"},"modified":"2026-03-24T13:41:19","modified_gmt":"2026-03-24T12:41:19","slug":"wspolpraca-badawcza-i-ekspercka","status":"publish","type":"page","link":"https:\/\/dominikalecka.pl\/?page_id=405","title":{"rendered":"WSP\u00d3\u0141PRACA BADAWCZA I EKSPERCKA"},"content":{"rendered":"<p data-start=\"350\" data-end=\"614\">Zdrowie i choroba nie s\u0105 wy\u0142\u0105cznie zjawiskami medycznymi. Ka\u017cda diagnoza, proces leczenia czy \u017cycie z chorob\u0105 przewlek\u0142\u0105 ma r\u00f3wnie\u017c wymiar spo\u0142eczny \u2013 wp\u0142ywa na relacje, decyzje \u017cyciowe, codzienne funkcjonowanie oraz spos\u00f3b korzystania z systemu opieki zdrowotnej. Jako socjolog zdrowia zajmuj\u0119 si\u0119 badaniem tych w\u0142a\u015bnie zjawisk \u2013 do\u015bwiadczenia choroby, perspektywy pacjent\u00f3w oraz spo\u0142ecznych uwarunkowa\u0144 zdrowia i leczenia. \u0141\u0105cz\u0119 warsztat badawczy socjologii z wra\u017cliwo\u015bci\u0105 na realne do\u015bwiadczenie os\u00f3b choruj\u0105cych. Jestem otwarta na wsp\u00f3\u0142prac\u0119 przy projektach badawczych, raportach spo\u0142ecznych, analizach dotycz\u0105cych zdrowia i choroby, konsultacjach merytorycznych w zakresie interpretacji danych spo\u0142ecznych dotycz\u0105cych zdrowia i choroby.<\/p>\n<hr data-start=\"995\" data-end=\"998\" \/>\n<h5 data-section-id=\"5620mm\" data-start=\"1000\" data-end=\"1029\"><a href=\"https:\/\/dominikalecka.pl\/?page_id=73\"><strong><img loading=\"lazy\" decoding=\"async\" class=\"alignnone size-medium wp-image-366\" src=\"https:\/\/dominikalecka.pl\/wp-content\/uploads\/2025\/02\/punkt.jpg\" alt=\"\" width=\"23\" height=\"22\" \/><\/strong><\/a> <strong><a href=\"https:\/\/dominikalecka.pl\/?page_id=69\" data-type=\"page\" data-id=\"69\">ZAKRES MO\u017bLIWEJ WSP\u00d3\u0141PRACY<\/a><\/strong><\/h5>\n<p data-start=\"1031\" data-end=\"1088\">Wsp\u00f3\u0142praca mo\u017ce obejmowa\u0107 r\u00f3\u017cne etapy procesu badawczego:<\/p>\n<p data-start=\"1090\" data-end=\"1113\"><strong data-start=\"1090\" data-end=\"1113\">Projektowanie bada\u0144<\/strong><\/p>\n<ul data-start=\"1114\" data-end=\"1210\">\n<li data-section-id=\"133fazk\" data-start=\"1114\" data-end=\"1145\">\n<p data-start=\"1116\" data-end=\"1145\">opracowanie koncepcji badania<\/p>\n<\/li>\n<li data-section-id=\"1nwlk65\" data-start=\"1146\" data-end=\"1181\">\n<p data-start=\"1148\" data-end=\"1181\">przygotowanie narz\u0119dzi badawczych<\/p>\n<\/li>\n<li data-section-id=\"1v2nl1y\" data-start=\"1182\" data-end=\"1210\">\n<p data-start=\"1184\" data-end=\"1210\">konsultacje metodologiczne<\/p>\n<\/li>\n<\/ul>\n<p data-start=\"1212\" data-end=\"1232\"><strong data-start=\"1212\" data-end=\"1232\">Realizacja bada\u0144<\/strong><\/p>\n<ul data-start=\"1233\" data-end=\"1429\">\n<li data-section-id=\"91t51h\" data-start=\"1233\" data-end=\"1302\">\n<p data-start=\"1235\" data-end=\"1302\">badania jako\u015bciowe (wywiady pog\u0142\u0119bione, wywiady eksperckie, fokusy)<\/p>\n<\/li>\n<li data-section-id=\"1mle6gp\" data-start=\"1303\" data-end=\"1338\">\n<p data-start=\"1305\" data-end=\"1338\">badania narracyjne i biograficzne<\/p>\n<\/li>\n<li data-section-id=\"19o1jl5\" data-start=\"1339\" data-end=\"1358\">\n<p data-start=\"1341\" data-end=\"1358\">badania ankietowe<\/p>\n<\/li>\n<li data-section-id=\"hdu32w\" data-start=\"1359\" data-end=\"1429\">\n<p data-start=\"1361\" data-end=\"1429\">badania do\u015bwiadcze\u0144 pacjent\u00f3w (patient experience \/ patient journey)<\/p>\n<\/li>\n<\/ul>\n<p data-start=\"1431\" data-end=\"1464\"><strong data-start=\"1431\" data-end=\"1464\">Analiza i opracowanie wynik\u00f3w<\/strong><\/p>\n<ul data-start=\"1465\" data-end=\"1659\">\n<li data-section-id=\"15ckn18\" data-start=\"1465\" data-end=\"1495\">\n<p data-start=\"1467\" data-end=\"1495\">analizy socjologiczne danych<\/p>\n<\/li>\n<li data-section-id=\"ht1hjn\" data-start=\"1496\" data-end=\"1550\">\n<p data-start=\"1498\" data-end=\"1550\">interpretacja spo\u0142ecznych aspekt\u00f3w zdrowia i choroby<\/p>\n<\/li>\n<li data-section-id=\"1ujpkgx\" data-start=\"1551\" data-end=\"1588\">\n<p data-start=\"1553\" data-end=\"1588\">przygotowanie raport\u00f3w i publikacji<\/p>\n<\/li>\n<li data-section-id=\"ztlxwg\" data-start=\"1589\" data-end=\"1659\">opracowanie wniosk\u00f3w dla praktyki klinicznej lub polityki zdrowotnej<\/li>\n<\/ul>\n<p><strong data-start=\"1431\" data-end=\"1464\">Konsultacje merytoryczne w zakresie interpretacji danych spo\u0142ecznych dotycz\u0105cych zdrowia i choroby<\/strong><\/p>\n<ul>\n<li data-section-id=\"19t0bn2\" data-start=\"313\" data-end=\"424\">\n<p data-start=\"315\" data-end=\"424\">interpretacja wynik\u00f3w bada\u0144 spo\u0142ecznych dotycz\u0105cych zdrowia, chor\u00f3b przewlek\u0142ych oraz do\u015bwiadcze\u0144 pacjent\u00f3w<\/p>\n<\/li>\n<li data-section-id=\"9b64a4\" data-start=\"425\" data-end=\"526\">\n<p data-start=\"427\" data-end=\"526\">analiza jako\u015bciowych materia\u0142\u00f3w badawczych (np. wywiad\u00f3w, narracji pacjenckich, bada\u0144 fokusowych)<\/p>\n<\/li>\n<li data-section-id=\"18h2nd3\" data-start=\"527\" data-end=\"598\">\n<p data-start=\"529\" data-end=\"598\">konsultowanie wniosk\u00f3w z bada\u0144 w kontek\u015bcie spo\u0142ecznym i systemowym<\/p>\n<\/li>\n<li data-section-id=\"1ney63x\" data-start=\"599\" data-end=\"717\">\n<p data-start=\"601\" data-end=\"717\">identyfikowanie spo\u0142ecznych barier w diagnostyce, leczeniu i funkcjonowaniu pacjent\u00f3w w systemie opieki zdrowotnej<\/p>\n<\/li>\n<li data-section-id=\"w80bt6\" data-start=\"718\" data-end=\"821\">\n<p data-start=\"720\" data-end=\"821\">interpretacja danych dotycz\u0105cych jako\u015bci \u017cycia pacjent\u00f3w i ich codziennego funkcjonowania z chorob\u0105<\/p>\n<\/li>\n<li data-section-id=\"1148v1w\" data-start=\"822\" data-end=\"885\">\n<p data-start=\"824\" data-end=\"885\">analiza relacji pacjent \u2013 lekarz \u2013 system opieki zdrowotnej<\/p>\n<\/li>\n<li data-section-id=\"14hkyz2\" data-start=\"886\" data-end=\"966\">\n<p data-start=\"888\" data-end=\"966\">konsultowanie raport\u00f3w badawczych i publikacji dotycz\u0105cych zdrowia i choroby<\/p>\n<\/li>\n<li data-section-id=\"vn5qmg\" data-start=\"967\" data-end=\"1112\">\n<p data-start=\"969\" data-end=\"1112\">przek\u0142adanie wynik\u00f3w bada\u0144 spo\u0142ecznych na rekomendacje praktyczne dla instytucji zdrowotnych, organizacji pacjenckich i projekt\u00f3w edukacyjnych<\/p>\n<\/li>\n<\/ul>\n<p><strong>Komentarze eksperckie i wyst\u0105pienia dla:<\/strong><\/p>\n<ul data-start=\"937\" data-end=\"1189\">\n<li data-section-id=\"7tcior\" data-start=\"937\" data-end=\"990\">\n<p data-start=\"939\" data-end=\"990\">medi\u00f3w (komentarze, wywiady, artyku\u0142y eksperckie)<\/p>\n<\/li>\n<li data-section-id=\"17y4ce2\" data-start=\"991\" data-end=\"1029\">\n<p data-start=\"993\" data-end=\"1029\">konferencji medycznych i naukowych<\/p>\n<\/li>\n<li data-section-id=\"1ta9a79\" data-start=\"1030\" data-end=\"1097\">\n<p data-start=\"1032\" data-end=\"1097\">debat publicznych dotycz\u0105cych zdrowia i systemu ochrony zdrowia<\/p>\n<\/li>\n<li data-section-id=\"cy4gnn\" data-start=\"1098\" data-end=\"1153\">\n<p data-start=\"1100\" data-end=\"1153\">wydarze\u0144 organizowanych przez \u015brodowiska pacjenckie<\/p>\n<\/li>\n<li data-section-id=\"vyqcgb\" data-start=\"1154\" data-end=\"1189\">\n<p data-start=\"1156\" data-end=\"1189\">spotka\u0144 i seminari\u00f3w eksperckich.<\/p>\n<\/li>\n<\/ul>\n<hr data-start=\"1661\" data-end=\"1664\" \/>\n<h5 data-section-id=\"5620mm\" data-start=\"1000\" data-end=\"1029\"><a href=\"https:\/\/dominikalecka.pl\/?page_id=73\"><strong><img loading=\"lazy\" decoding=\"async\" class=\"alignnone size-medium wp-image-366\" src=\"https:\/\/dominikalecka.pl\/wp-content\/uploads\/2025\/02\/punkt.jpg\" alt=\"\" width=\"23\" height=\"22\" \/><\/strong><\/a> <strong><a href=\"https:\/\/dominikalecka.pl\/?page_id=69\" data-type=\"page\" data-id=\"69\">BADANIA PACJENCKIE<\/a><\/strong><\/h5>\n<p data-start=\"1689\" data-end=\"1810\">Szczeg\u00f3lnym obszarem mojej pracy s\u0105 <strong data-start=\"1725\" data-end=\"1758\">badania do\u015bwiadcze\u0144 pacjent\u00f3w<\/strong>. Ich celem jest zrozumienie, jak osoby choruj\u0105ce:<\/p>\n<ul data-start=\"1812\" data-end=\"2031\">\n<li data-section-id=\"1vmycwu\" data-start=\"1812\" data-end=\"1846\">\n<p data-start=\"1814\" data-end=\"1846\">prze\u017cywaj\u0105 diagnoz\u0119 i leczenie<\/p>\n<\/li>\n<li data-section-id=\"zcdmnj\" data-start=\"1847\" data-end=\"1891\">\n<p data-start=\"1849\" data-end=\"1891\">funkcjonuj\u0105 z chorob\u0105 w \u017cyciu codziennym<\/p>\n<\/li>\n<li data-section-id=\"1rmhmm3\" data-start=\"1892\" data-end=\"1934\">\n<p data-start=\"1894\" data-end=\"1934\">do\u015bwiadczaj\u0105 systemu opieki zdrowotnej<\/p>\n<\/li>\n<li data-section-id=\"15ch2xt\" data-start=\"1935\" data-end=\"1988\">\n<p data-start=\"1937\" data-end=\"1988\">jakie napotykaj\u0105 bariery w diagnostyce i leczeniu<\/p>\n<\/li>\n<li data-section-id=\"1biziqf\" data-start=\"1989\" data-end=\"2031\">\n<p data-start=\"1991\" data-end=\"2031\">jakie maj\u0105 potrzeby w zakresie wsparcia.<\/p>\n<\/li>\n<\/ul>\n<p data-start=\"2033\" data-end=\"2160\">Badania tego typu pomagaj\u0105 projektowa\u0107 bardziej skuteczne programy leczenia, komunikacji medycznej oraz wsparcia dla pacjent\u00f3w.<\/p>\n<hr data-start=\"2162\" data-end=\"2165\" \/>\n<h5><a href=\"https:\/\/dominikalecka.pl\/?page_id=73\"><strong><img loading=\"lazy\" decoding=\"async\" class=\"alignnone size-medium wp-image-366\" src=\"https:\/\/dominikalecka.pl\/wp-content\/uploads\/2025\/02\/punkt.jpg\" alt=\"\" width=\"23\" height=\"22\" \/><\/strong><\/a> PRZYK\u0141ADOWE OBSZARY TEMATYCZNE BADA\u0143<\/h5>\n<p data-start=\"2196\" data-end=\"2231\">Realizuj\u0119 projekty dotycz\u0105ce m.in.:<\/p>\n<ul data-start=\"2233\" data-end=\"2556\">\n<li data-section-id=\"cnul7b\" data-start=\"2233\" data-end=\"2282\">\n<p data-start=\"2235\" data-end=\"2282\">spo\u0142ecznego do\u015bwiadczenia chor\u00f3b przewlek\u0142ych<\/p>\n<\/li>\n<li data-section-id=\"wbtxcr\" data-start=\"2283\" data-end=\"2310\">\n<p data-start=\"2285\" data-end=\"2310\">jako\u015bci \u017cycia pacjent\u00f3w<\/p>\n<\/li>\n<li data-section-id=\"11bp3j0\" data-start=\"2311\" data-end=\"2357\">\n<p data-start=\"2313\" data-end=\"2357\">relacji pacjent \u2013 system opieki zdrowotnej<\/p>\n<\/li>\n<li data-section-id=\"dgtyua\" data-start=\"2358\" data-end=\"2414\">\n<p data-start=\"2360\" data-end=\"2414\">komunikacji mi\u0119dzy pacjentami a personelem medycznym<\/p>\n<\/li>\n<li data-section-id=\"vzv2mv\" data-start=\"2415\" data-end=\"2454\">\n<p data-start=\"2417\" data-end=\"2454\">psychospo\u0142ecznych aspekt\u00f3w leczenia<\/p>\n<\/li>\n<li data-section-id=\"imkseq\" data-start=\"2455\" data-end=\"2505\">\n<p data-start=\"2457\" data-end=\"2505\">wp\u0142ywu choroby na relacje rodzinne i spo\u0142eczne<\/p>\n<\/li>\n<li data-section-id=\"fkqh9a\" data-start=\"2506\" data-end=\"2556\">\n<p data-start=\"2508\" data-end=\"2556\">roli wsparcia spo\u0142ecznego w procesie zdrowienia.<\/p>\n<\/li>\n<\/ul>\n<hr data-start=\"2558\" data-end=\"2561\" \/>\n<h5 data-section-id=\"5620mm\" data-start=\"1000\" data-end=\"1029\"><a href=\"https:\/\/dominikalecka.pl\/?page_id=73\"><strong><img loading=\"lazy\" decoding=\"async\" class=\"alignnone size-medium wp-image-366\" src=\"https:\/\/dominikalecka.pl\/wp-content\/uploads\/2025\/02\/punkt.jpg\" alt=\"\" width=\"23\" height=\"22\" \/><\/strong><\/a> <strong><a href=\"https:\/\/dominikalecka.pl\/?page_id=69\" data-type=\"page\" data-id=\"69\">ZAUFALI MI<\/a><\/strong><\/h5>\n<p data-start=\"2578\" data-end=\"2791\">W swojej pracy badawczej wsp\u00f3\u0142tworzy\u0142am raporty oraz publikacje dotycz\u0105ce chor\u00f3b przewlek\u0142ych, w szczeg\u00f3lno\u015bci takich jak <strong data-start=\"2700\" data-end=\"2741\"><span class=\"hover:entity-accent entity-underline inline cursor-pointer align-baseline\"><span class=\"whitespace-normal\">Astma<\/span><\/span><\/strong> oraz <strong data-start=\"2747\" data-end=\"2788\"><span class=\"hover:entity-accent entity-underline inline cursor-pointer align-baseline\"><span class=\"whitespace-normal\">Przewlek\u0142a obturacyjna choroba p\u0142uc<\/span><\/span><\/strong>. Jestem autork\u0105 i wsp\u00f3\u0142autork\u0105 analiz dotycz\u0105cych spo\u0142ecznego wymiaru chor\u00f3b uk\u0142adu oddechowego oraz do\u015bwiadcze\u0144 pacjent\u00f3w. Do moich prac nale\u017c\u0105 m.in.:<\/p>\n<ul data-start=\"2946\" data-end=\"3314\">\n<li>Raport <strong data-start=\"2955\" data-end=\"3006\">\u201eMoje \u017cycie z POChP\u201d<\/strong> przygotowany we wsp\u00f3\u0142pracy z Polsk\u0105 Federacj\u0105 Stowarzysze\u0144 Chorych na Astm\u0119 i Choroby Alergiczne i Przewlek\u0142e Obturacyjne Choroby P\u0142uc<\/li>\n<li data-section-id=\"8tkth8\" data-start=\"2946\" data-end=\"3079\">\n<p data-start=\"2948\" data-end=\"3079\">Raport <strong data-start=\"2955\" data-end=\"3006\">\u201e\u017bycie z astm\u0105 ci\u0119\u017ck\u0105. Punkt widzenia pacjenta\u201d<\/strong> przygotowany we wsp\u00f3\u0142pracy z <strong data-start=\"3036\" data-end=\"3077\"><span class=\"hover:entity-accent entity-underline inline cursor-pointer align-baseline\"><span class=\"whitespace-normal\">Polskie Towarzystwo Alergologiczne<\/span><\/span><\/strong><\/p>\n<\/li>\n<li data-section-id=\"1827gd\" data-start=\"3080\" data-end=\"3198\">\n<p data-start=\"3082\" data-end=\"3198\">Raport <strong data-start=\"3089\" data-end=\"3164\">\u201eCo nam przeszkadza dobrze leczy\u0107 astm\u0119 ci\u0119\u017ck\u0105? Punkt widzenia lekarza\u201d<\/strong> opracowany z zespo\u0142em ekspert\u00f3w<\/p>\n<\/li>\n<li data-section-id=\"18kmait\" data-start=\"3199\" data-end=\"3314\">\n<p data-start=\"3201\" data-end=\"3314\">Cz\u0119\u015b\u0107 socjologiczna raportu <strong data-start=\"3229\" data-end=\"3276\">\u201eAstma ci\u0119\u017cka. Sytuacja pacjent\u00f3w w Polsce\u201d<\/strong><\/p>\n<\/li>\n<li data-section-id=\"18kmait\" data-start=\"3199\" data-end=\"3314\"><img loading=\"lazy\" decoding=\"async\" class=\"alignnone  wp-image-399\" src=\"https:\/\/dominikalecka.pl\/wp-content\/uploads\/2026\/02\/1.strona-ksiazki.strona-214x300.jpg\" alt=\"\" width=\"161\" height=\"226\" srcset=\"https:\/\/dominikalecka.pl\/wp-content\/uploads\/2026\/02\/1.strona-ksiazki.strona-214x300.jpg 214w, https:\/\/dominikalecka.pl\/wp-content\/uploads\/2026\/02\/1.strona-ksiazki.strona.jpg 653w\" sizes=\"auto, (max-width: 161px) 100vw, 161px\" \/><img loading=\"lazy\" decoding=\"async\" class=\"alignnone  wp-image-229\" src=\"https:\/\/dominikalecka.pl\/wp-content\/uploads\/2023\/04\/1.strona-209x300.jpg\" alt=\"\" width=\"157\" height=\"225\" srcset=\"https:\/\/dominikalecka.pl\/wp-content\/uploads\/2023\/04\/1.strona-209x300.jpg 209w, https:\/\/dominikalecka.pl\/wp-content\/uploads\/2023\/04\/1.strona.jpg 590w\" sizes=\"auto, (max-width: 157px) 100vw, 157px\" \/><img loading=\"lazy\" decoding=\"async\" class=\"alignnone  wp-image-287\" src=\"https:\/\/dominikalecka.pl\/wp-content\/uploads\/2023\/10\/raport.lekarze-213x300.jpg\" alt=\"\" width=\"162\" height=\"229\" srcset=\"https:\/\/dominikalecka.pl\/wp-content\/uploads\/2023\/10\/raport.lekarze-213x300.jpg 213w, https:\/\/dominikalecka.pl\/wp-content\/uploads\/2023\/10\/raport.lekarze.jpg 501w\" sizes=\"auto, (max-width: 162px) 100vw, 162px\" \/><img loading=\"lazy\" decoding=\"async\" class=\"alignnone  wp-image-153\" src=\"https:\/\/dominikalecka.pl\/wp-content\/uploads\/2022\/04\/raport1-208x300.jpg\" alt=\"\" width=\"158\" height=\"228\" srcset=\"https:\/\/dominikalecka.pl\/wp-content\/uploads\/2022\/04\/raport1-208x300.jpg 208w, https:\/\/dominikalecka.pl\/wp-content\/uploads\/2022\/04\/raport1.jpg 298w\" sizes=\"auto, (max-width: 158px) 100vw, 158px\" \/><\/li>\n<\/ul>\n<p data-start=\"3316\" data-end=\"3524\">Wyniki moich bada\u0144 prezentowane by\u0142y r\u00f3wnie\u017c podczas konferencji naukowych i medycznych:<\/p>\n<ul>\n<li data-start=\"3316\" data-end=\"3524\"><span class=\"hover:entity-accent entity-underline inline cursor-pointer align-baseline\"><span class=\"whitespace-normal\">\u201eNowoczesna Alergologia w codziennej praktyce klinicznej&#8221; 2023, <\/span><\/span><span class=\"hover:entity-accent entity-underline inline cursor-pointer align-baseline\"><span class=\"whitespace-normal\">Polskie Towarzystwo Alergologiczne, <a href=\"https:\/\/konferencja2023.pta.med.pl\/program\/\">CZYTAJ<\/a><\/span><\/span><\/li>\n<li data-start=\"3316\" data-end=\"3524\"><span class=\"hover:entity-accent entity-underline inline cursor-pointer align-baseline\"><span class=\"whitespace-normal\">\u00a0&#8220;Alergie &#8211; spojrzenie interdyscyplinarne&#8221; 2024, Polskie Towarzystwo Alergologiczne, <a href=\"https:\/\/konferencja2024.pta.med.pl\/program\/\">CZYTAJ<\/a><\/span><\/span><\/li>\n<li data-start=\"3316\" data-end=\"3524\"><span class=\"hover:entity-accent entity-underline inline cursor-pointer align-baseline\"><span class=\"whitespace-normal\">XX <\/span><\/span>Forum Organizacji Pacjent\u00f3w 2026, Polska Federacja Stowarzysze\u0144 Chorych na Astm\u0119 i Choroby Alergiczne i Przewlek\u0142e Obturacyjne Choroby P\u0142uc, <a href=\"https:\/\/www.astma-alergia-pochp.pl\/component\/content\/article\/15-aktualnoci\/337-premiera-raportu-moje-zycie-z-pochp?Itemid=188\">CZYTAJ<\/a><\/li>\n<li data-start=\"3316\" data-end=\"3524\">Health Challenge Congress 2026 w Katowicach, <a href=\"https:\/\/www.hccongress.pl\/2026\/pl\/\">CZYTAJ<\/a><\/li>\n<\/ul>\n<hr data-start=\"3526\" data-end=\"3529\" \/>\n<h5 data-section-id=\"5620mm\" data-start=\"1000\" data-end=\"1029\"><a href=\"https:\/\/dominikalecka.pl\/?page_id=73\"><strong><img loading=\"lazy\" decoding=\"async\" class=\"alignnone size-medium wp-image-366\" src=\"https:\/\/dominikalecka.pl\/wp-content\/uploads\/2025\/02\/punkt.jpg\" alt=\"\" width=\"23\" height=\"22\" \/><\/strong><\/a> <strong><a href=\"https:\/\/dominikalecka.pl\/?page_id=69\" data-type=\"page\" data-id=\"69\">ZAPROSZENIE DO WSP\u00d3\u0141PRACY<\/a><\/strong><\/h5>\n<p data-start=\"3561\" data-end=\"3722\">Je\u017celi s\u0105 Pa\u0144stwo zainteresowani realizacj\u0105 bada\u0144 z zakresu socjologii zdrowia, przygotowaniem raportu lub analiz\u0105 do\u015bwiadcze\u0144 pacjent\u00f3w \u2013 zapraszam do kontaktu. Ch\u0119tnie porozmawiam o pomy\u015ble badawczym, mo\u017cliwej wsp\u00f3\u0142pracy lub wsparciu przy realizacji projektu.<\/p>\n<p data-start=\"3825\" data-end=\"3896\">\ud83d\udce9 <strong data-start=\"3828\" data-end=\"3840\">Kontakt:<\/strong><br data-start=\"3840\" data-end=\"3843\" \/>Prosz\u0119 o wiadomo\u015b\u0107 na adres e-mail podany na stronie lub przez <a href=\"https:\/\/dominikalecka.pl\/?page_id=101\">formularz kontaktowy.<\/a><\/p>\n","protected":false},"excerpt":{"rendered":"<p>Zdrowie i choroba nie s\u0105 wy\u0142\u0105cznie zjawiskami medycznymi. Ka\u017cda diagnoza, proces leczenia czy \u017cycie z chorob\u0105 przewlek\u0142\u0105 ma r\u00f3wnie\u017c wymiar<\/p>\n","protected":false},"author":1,"featured_media":0,"parent":0,"menu_order":0,"comment_status":"closed","ping_status":"closed","template":"","meta":{"footnotes":""},"class_list":["post-405","page","type-page","status-publish","hentry"],"_links":{"self":[{"href":"https:\/\/dominikalecka.pl\/index.php?rest_route=\/wp\/v2\/pages\/405","targetHints":{"allow":["GET"]}}],"collection":[{"href":"https:\/\/dominikalecka.pl\/index.php?rest_route=\/wp\/v2\/pages"}],"about":[{"href":"https:\/\/dominikalecka.pl\/index.php?rest_route=\/wp\/v2\/types\/page"}],"author":[{"embeddable":true,"href":"https:\/\/dominikalecka.pl\/index.php?rest_route=\/wp\/v2\/users\/1"}],"replies":[{"embeddable":true,"href":"https:\/\/dominikalecka.pl\/index.php?rest_route=%2Fwp%2Fv2%2Fcomments&post=405"}],"version-history":[{"count":7,"href":"https:\/\/dominikalecka.pl\/index.php?rest_route=\/wp\/v2\/pages\/405\/revisions"}],"predecessor-version":[{"id":412,"href":"https:\/\/dominikalecka.pl\/index.php?rest_route=\/wp\/v2\/pages\/405\/revisions\/412"}],"wp:attachment":[{"href":"https:\/\/dominikalecka.pl\/index.php?rest_route=%2Fwp%2Fv2%2Fmedia&parent=405"}],"curies":[{"name":"wp","href":"https:\/\/api.w.org\/{rel}","templated":true}]}}