{"id":417,"date":"2026-04-23T08:28:48","date_gmt":"2026-04-23T06:28:48","guid":{"rendered":"https:\/\/dominikalecka.pl\/?page_id=417"},"modified":"2026-04-27T22:01:48","modified_gmt":"2026-04-27T20:01:48","slug":"media-2","status":"publish","type":"page","link":"https:\/\/dominikalecka.pl\/?page_id=417","title":{"rendered":"Media"},"content":{"rendered":"<p><strong><img loading=\"lazy\" decoding=\"async\" class=\"alignnone size-full wp-image-366\" src=\"https:\/\/dominikalecka.pl\/wp-content\/uploads\/2025\/02\/punkt.jpg\" alt=\"\" width=\"23\" height=\"22\" \/>\u00a0WYWIADY W RADIO\/PODCASTY<\/strong><\/p>\n<ul>\n<li>\u00a0<span class=\"x193iq5w xeuugli x13faqbe x1vvkbs x1xmvt09 x1lliihq x1s928wv xhkezso x1gmr53x x1cpjm7i x1fgarty x1943h6x xudqn12 x3x7a5m x6prxxf xvq8zen xo1l8bm xzsf02u x1yc453h\" dir=\"auto\">Subkultura zdrowia, czyli co to jest straight edge? <\/span>Niedzielny Poranek TOK FM12.04.2026 r. <a href=\"https:\/\/audycje.tokfm.pl\/podcast\/191038,Subkultura-zdrowia-czyli-co-to-jest-straight-edge\">S\u0141UCHAJ<\/a><\/li>\n<li>Abstynencja jako styl \u017cycia Strefa prywatna, Polskie Radio Program Czwarty, 25.01.2023 r. <a href=\"https:\/\/www.polskieradio.pl\/10\/4023\/Artykul\/3109097,strefa-prywatna-25012023-2002\">S\u0141UCHAJ<\/a><\/li>\n<\/ul>\n<p><img loading=\"lazy\" decoding=\"async\" class=\"alignnone size-full wp-image-366\" src=\"https:\/\/dominikalecka.pl\/wp-content\/uploads\/2025\/02\/punkt.jpg\" alt=\"\" width=\"23\" height=\"22\" \/> <strong>SERWISY ONLINE<\/strong><\/p>\n<ul>\n<li>\u017bycie pacjent\u00f3w z POChP jest jak powoli gasn\u0105ce \u015bwiat\u0142o, Wprost, 13.04.2026 <a href=\"https:\/\/www.youtube.com\/watch?v=e0ngUPtX1pc\">OGL\u0104DAJ<\/a><\/li>\n<\/ul>\n<p><img loading=\"lazy\" decoding=\"async\" class=\"alignnone size-full wp-image-366\" src=\"https:\/\/dominikalecka.pl\/wp-content\/uploads\/2025\/02\/punkt.jpg\" alt=\"\" width=\"23\" height=\"22\" \/> <strong>KOMENTARZE I WYWIADY W PRASIE<\/strong><\/p>\n<ul>\n<li>Cichocka, Alicja. <em>Po\u017cyczka jak narkotyk<\/em>, [w:] Nowo\u015bci z dnia 8.03.2010 <a href=\"https:\/\/nowosci.com.pl\/pozyczka-jak-narkotyk\/ar\/c3-11052378\">CZYTAJ<\/a><\/li>\n<li>Ciechocka, Alicja. <em>Szare myszki okrutne w sieci<\/em>, [w:] Nowo\u015bci z dnia 10 czerwca 2009. <a href=\"https:\/\/nowosci.com.pl\/szare-myszki-okrutne-w-sieci\/ar\/11077592\">CZYTAJ<\/a><\/li>\n<li><em>Chcesz by\u0107 lekka jak motyl? Zmie\u0144 podej\u015bcie do \u017cycia<\/em>, [w:] Nowo\u015bci z dnia 27.07.2014 r.<\/li>\n<li>Lorenczewska. Mariola. <em>\u017by\u0107, aby gra\u0107 i przegra\u0107 \u017cycie<\/em>, [w:] Nowo\u015bci z dnia 13 pa\u017adziernika 2009. <a href=\"https:\/\/nowosci.com.pl\/zyc-aby-grac-i-przegrac-zycie\/ar\/11065808\">CZYTAJ<\/a><\/li>\n<li>Sadowska-Groza, Agnieszka. <em>Nie kocham swojego dziecka<\/em>, [w:] Onet.pl [14.11.14] <a href=\"https:\/\/kobieta.onet.pl\/dziecko\/nie-kocham-swojego-dziecka\/50dfnds\">CZYTAJ<\/a><\/li>\n<li>Walczyk, Sybilla. Ludzie. <em>Rozmowy mog\u0105 leczy\u0107. Dominika Krawczinska<\/em>, [w:] Gazeta Pomorska z dnia 20 wrze\u015bnia 2007.<\/li>\n<li>Wilczy\u0144ski, Przemys\u0142aw. 2014. <em>Polakom gratulujemy picia: druga m\u0142odo\u015b\u0107 polskiego alkoholozmu<\/em>, &#8220;Tygodnik Powszechny&#8221; nr 34, s. 3-4.<\/li>\n<\/ul>\n","protected":false},"excerpt":{"rendered":"<p>\u00a0WYWIADY W RADIO\/PODCASTY \u00a0Subkultura zdrowia, czyli co to jest straight edge? Niedzielny Poranek TOK FM12.04.2026 r. S\u0141UCHAJ Abstynencja jako styl<\/p>\n","protected":false},"author":1,"featured_media":0,"parent":0,"menu_order":0,"comment_status":"closed","ping_status":"closed","template":"","meta":{"footnotes":""},"class_list":["post-417","page","type-page","status-publish","hentry"],"_links":{"self":[{"href":"https:\/\/dominikalecka.pl\/index.php?rest_route=\/wp\/v2\/pages\/417","targetHints":{"allow":["GET"]}}],"collection":[{"href":"https:\/\/dominikalecka.pl\/index.php?rest_route=\/wp\/v2\/pages"}],"about":[{"href":"https:\/\/dominikalecka.pl\/index.php?rest_route=\/wp\/v2\/types\/page"}],"author":[{"embeddable":true,"href":"https:\/\/dominikalecka.pl\/index.php?rest_route=\/wp\/v2\/users\/1"}],"replies":[{"embeddable":true,"href":"https:\/\/dominikalecka.pl\/index.php?rest_route=%2Fwp%2Fv2%2Fcomments&post=417"}],"version-history":[{"count":24,"href":"https:\/\/dominikalecka.pl\/index.php?rest_route=\/wp\/v2\/pages\/417\/revisions"}],"predecessor-version":[{"id":447,"href":"https:\/\/dominikalecka.pl\/index.php?rest_route=\/wp\/v2\/pages\/417\/revisions\/447"}],"wp:attachment":[{"href":"https:\/\/dominikalecka.pl\/index.php?rest_route=%2Fwp%2Fv2%2Fmedia&parent=417"}],"curies":[{"name":"wp","href":"https:\/\/api.w.org\/{rel}","templated":true}]}}