{"id":85,"date":"2022-04-13T09:41:37","date_gmt":"2022-04-13T07:41:37","guid":{"rendered":"http:\/\/dominikalecka.pl\/?page_id=85"},"modified":"2022-04-13T11:19:57","modified_gmt":"2022-04-13T09:19:57","slug":"szkolenia","status":"publish","type":"page","link":"https:\/\/dominikalecka.pl\/?page_id=85","title":{"rendered":"Szkolenia"},"content":{"rendered":"\n<p><em>W trakcie swojej pracy zawodowej, zrealizowa\u0142am ogromn\u0105 ilo\u015b\u0107 autorskich szkole\u0144, bardzo cz\u0119sto uszytych na miar\u0119 konkretnego Klienta. Poni\u017cej znajduj\u0105 si\u0119 tylko niekt\u00f3re z nich.<\/em> Je\u017celi jeste\u015bcie Pa\u0144stwo zainteresowani szkoleniem, prosz\u0119 o kontakt poprzez formularz znajdujacy si\u0119 <a href=\"https:\/\/dominikalecka.pl\/?page_id=101\" data-type=\"page\" data-id=\"101\">TUTAJ<\/a><\/p>\n\n\n\n<p><strong><a href=\"https:\/\/dominikalecka.pl\/?page_id=85\" data-type=\"page\" data-id=\"85\">AUTORSKIE PROGRAMY PROFILAKTYCZNE<\/a><\/strong><\/p>\n\n\n\n<ul class=\"wp-block-list\"><li>Pigu\u0142ka gwa\u0142tu \u2013 mity a rzeczywisto\u015b\u0107 &nbsp;<\/li><li>W \u015bwiecie Kameleona. Program profilaktyki uzale\u017cnie\u0144 od komputera i Internetu<\/li><\/ul>\n\n\n\n<p><strong><a href=\"https:\/\/dominikalecka.pl\/?page_id=85\" data-type=\"page\" data-id=\"85\">WARSZTATY ROZWOJOWE<\/a><\/strong><\/p>\n\n\n\n<ul class=\"wp-block-list\"><li>Akademia emocji. Cykl warsztat\u00f3w<\/li><li>Ja i moja wewn\u0119trzna J\u0119dza. Warsztat reformuj\u0105cy<\/li><li>Kalejdoskop uczu\u0107<\/li><li>Kobieta w matce ukryta<\/li><li>Moja Indywidualna Mapa Motywacyjna<\/li><li>Moje relacje \u2013 praca z genogramem<\/li><li>Uwalnianie emocji, cykl warsztat\u00f3w do\u015bwiadcze\u0144 w\u0142asnych dla os\u00f3b z problemem regulacji emocji<\/li><\/ul>\n\n\n\n<p><strong><a href=\"https:\/\/dominikalecka.pl\/?page_id=85\" data-type=\"page\" data-id=\"85\">DIAGNOZA<\/a><\/strong><\/p>\n\n\n\n<ul class=\"wp-block-list\"><li>Co jest norm\u0105, a co patologi\u0105?<\/li><li>Diagnoza r\u00f3\u017cnicuj\u0105ca problemy i zachowania m\u0142odzie\u017cy<\/li><li>Lekka jak motylek\u2026anoreksja. Wst\u0119pna diagnoza i procedury<\/li><li>Metody diagnozy prawid\u0142owego rozwoju dziecka do lat 7<\/li><li>Nauka wspomagana \u015brodkami psychoaktywnymi u ucznia. Metody diagnozy<\/li><\/ul>\n\n\n\n<p><strong><a href=\"https:\/\/dominikalecka.pl\/?page_id=85\" data-type=\"page\" data-id=\"85\">EDUKACJA PSYCHOTERAPEUT\u00d3W<\/a><\/strong><\/p>\n\n\n\n<ul class=\"wp-block-list\"><li>Elementy psychoterapii systemowej w praktyce psychoterapeutycznej<\/li><li>Genogram. Narz\u0119dzie wywiadu, diagnozy i terapii<\/li><li>Praca z narracj\u0105 po traumie<\/li><li>Superwizja<\/li><\/ul>\n\n\n\n<p><strong><a href=\"https:\/\/dominikalecka.pl\/?page_id=85\" data-type=\"page\" data-id=\"85\">METODYKA PRACY SOCJALNEJ<\/a><\/strong><\/p>\n\n\n\n<ul class=\"wp-block-list\"><li>Coaching rodzicielski. Nowa metoda pracy z rodzicami<\/li><li>Metody coachingu rodzicielskiego w procesie wsparcia i asystowania rodzinie<\/li><li>Pomi\u0119dzy wsparciem a kontrol\u0105. Zarz\u0105dzanie relacj\u0105 z klientem z rodzinnej pieczy zast\u0119pczej<\/li><li>Skuteczna komunikacja w zespole<\/li><li>Skuteczny koordynator rodzinnej pieczy zast\u0119pczej. Modu\u0142 1. Diagnoza<\/li><li>Skuteczny koordynator rodzinnej pieczy zast\u0119pczej. Modu\u0142 2. Jak tworzy\u0107 cele?<\/li><li>Skuteczny koordynator rodzinnej pieczy zast\u0119pczej. Modu\u0142 3. Plany pomocy dziecku \u2013 instrukcja obs\u0142ugi<\/li><li>Skuteczny koordynator rodzinnej pieczy zast\u0119pczej. Modu\u0142 5. Sieci wsparcia<\/li><li>Skuteczny koordynator rodzinnej pieczy zast\u0119pczej. Modu\u0142 6. Monitoring i kontrola<\/li><li>Superwizja<\/li><\/ul>\n\n\n\n<p><strong><a href=\"https:\/\/dominikalecka.pl\/?page_id=85\" data-type=\"page\" data-id=\"85\">METODYKA PRACY NAUCZYCIELA I WYCHOWACY<\/a><\/strong><\/p>\n\n\n\n<ul class=\"wp-block-list\"><li>Bezsilno\u015b\u0107 i bezradno\u015b\u0107 wychowawcy w pracy z wychowankiem<\/li><li>Coaching rodzicielski. Nowa metoda pracy z rodzicami<\/li><li>Doradca jako coach nauczyciela. Wst\u0119p do metody<\/li><li>Emocja jako zmys\u0142. Nowe podej\u015bcie w wychowawczej pracy z emocjami<\/li><li>Interwencja profilaktyczna wobec ucznia podejrzanego o eksperymentowanie ze \u015brodkami psychoaktywnymi<\/li><li>Interwencje w sytuacji cyberprzemocy na terenie szko\u0142y<\/li><li>Motywowanie uczni\u00f3w do nauki<\/li><li>Nowe subkultury m\u0142odzie\u017cowe na terenie szko\u0142y-jak wykorzysta\u0107 ich potencja\u0142?<\/li><li>Od diagnozy do rozwi\u0105zania. Projektowanie dzia\u0142a\u0144 profilaktycznych i naprawczych w szkole<\/li><li>Poczet rodzic\u00f3w w szkole \u2013 rodzic roszczeniowy<\/li><li>Rozwijanie kompetencji emocjonalnych ucznia jako element pracy wychowawczej w szkole<\/li><li>Skuteczna komunikacja w zespole wychowawc\u00f3w<\/li><li>Superwizja<\/li><li>Trening asertywno\u015bci w kontaktach z wychowankiem i rodzicem<\/li><li>Trening umiej\u0119tno\u015bci metod coachingowych<\/li><li>Umiej\u0119tne szukanie argument\u00f3w w kontaktach z rodzicami<\/li><li>Uzale\u017cnienie od komputera, narkotyk\u00f3w, telefonu. Formy pomocy dziecku i rodzinie<\/li><li>Wybrane metody socjotmetryczne w pracy wychowawcy i pedagoga<\/li><li>Wychowanek \u2013 wsp\u00f3\u0142praca i wsp\u00f3\u0142dzia\u0142anie w zespole specjalist\u00f3w<\/li><li>Zaburzenia afektywne u dzieci i m\u0142odzie\u017cy \u2013 niezb\u0119dnik wychowawcy i nauczyciela<\/li><\/ul>\n","protected":false},"excerpt":{"rendered":"<p>W trakcie swojej pracy zawodowej, zrealizowa\u0142am ogromn\u0105 ilo\u015b\u0107 autorskich szkole\u0144, bardzo cz\u0119sto uszytych na miar\u0119 konkretnego Klienta. Poni\u017cej znajduj\u0105 si\u0119<\/p>\n","protected":false},"author":1,"featured_media":0,"parent":0,"menu_order":0,"comment_status":"closed","ping_status":"closed","template":"","meta":{"footnotes":""},"class_list":["post-85","page","type-page","status-publish","hentry"],"_links":{"self":[{"href":"https:\/\/dominikalecka.pl\/index.php?rest_route=\/wp\/v2\/pages\/85","targetHints":{"allow":["GET"]}}],"collection":[{"href":"https:\/\/dominikalecka.pl\/index.php?rest_route=\/wp\/v2\/pages"}],"about":[{"href":"https:\/\/dominikalecka.pl\/index.php?rest_route=\/wp\/v2\/types\/page"}],"author":[{"embeddable":true,"href":"https:\/\/dominikalecka.pl\/index.php?rest_route=\/wp\/v2\/users\/1"}],"replies":[{"embeddable":true,"href":"https:\/\/dominikalecka.pl\/index.php?rest_route=%2Fwp%2Fv2%2Fcomments&post=85"}],"version-history":[{"count":2,"href":"https:\/\/dominikalecka.pl\/index.php?rest_route=\/wp\/v2\/pages\/85\/revisions"}],"predecessor-version":[{"id":129,"href":"https:\/\/dominikalecka.pl\/index.php?rest_route=\/wp\/v2\/pages\/85\/revisions\/129"}],"wp:attachment":[{"href":"https:\/\/dominikalecka.pl\/index.php?rest_route=%2Fwp%2Fv2%2Fmedia&parent=85"}],"curies":[{"name":"wp","href":"https:\/\/api.w.org\/{rel}","templated":true}]}}